{"id":855,"date":"2025-02-02T21:00:51","date_gmt":"2025-02-02T20:00:51","guid":{"rendered":"https:\/\/mlledevientunereine.com\/?page_id=855"},"modified":"2025-02-02T21:00:51","modified_gmt":"2025-02-02T20:00:51","slug":"mariage-orphee-et-gregory-dans-un-lieu-envoutant","status":"publish","type":"page","link":"https:\/\/mlledevientunereine.com\/index.php\/mariage-orphee-et-gregory-dans-un-lieu-envoutant\/","title":{"rendered":"Mariage Orph\u00e9e et Gr\u00e9gory dans un lieu envoutant"},"content":{"rendered":"\n<div class=\"wp-block-columns is-layout-flex wp-container-core-columns-is-layout-9d6595d7 wp-block-columns-is-layout-flex\">\n<div class=\"wp-block-column is-layout-flow wp-block-column-is-layout-flow\" style=\"flex-basis:100%\">\n<div class=\"wp-block-columns is-layout-flex wp-container-core-columns-is-layout-9d6595d7 wp-block-columns-is-layout-flex\">\n<div class=\"wp-block-column is-layout-flow wp-block-column-is-layout-flow\">\n<figure class=\"wp-block-image size-large\"><img loading=\"lazy\" decoding=\"async\" width=\"1024\" height=\"683\" src=\"https:\/\/mlledevientunereine.com\/wp-content\/uploads\/2025\/02\/IMG_2325-1-1024x683.jpg\" alt=\"d\u00e9coration mariage Orph\u00e9e et Gr\u00e9gory\" class=\"wp-image-860\" srcset=\"https:\/\/mlledevientunereine.com\/wp-content\/uploads\/2025\/02\/IMG_2325-1-1024x683.jpg 1024w, https:\/\/mlledevientunereine.com\/wp-content\/uploads\/2025\/02\/IMG_2325-1-300x200.jpg 300w, https:\/\/mlledevientunereine.com\/wp-content\/uploads\/2025\/02\/IMG_2325-1-768x512.jpg 768w, https:\/\/mlledevientunereine.com\/wp-content\/uploads\/2025\/02\/IMG_2325-1-1536x1024.jpg 1536w, https:\/\/mlledevientunereine.com\/wp-content\/uploads\/2025\/02\/IMG_2325-1-2048x1365.jpg 2048w, https:\/\/mlledevientunereine.com\/wp-content\/uploads\/2025\/02\/IMG_2325-1-507x338.jpg 507w\" sizes=\"auto, (max-width: 1024px) 100vw, 1024px\" \/><\/figure>\n<\/div>\n\n\n\n<div class=\"wp-block-column is-layout-flow wp-block-column-is-layout-flow\">\n<figure class=\"wp-block-image size-large\"><img loading=\"lazy\" decoding=\"async\" width=\"1024\" height=\"683\" src=\"http:\/\/mlledevientunereine.com\/wp-content\/uploads\/2025\/02\/IMG_2324-1-1024x683.jpg\" alt=\"jeu du ruban\" class=\"wp-image-861\" srcset=\"https:\/\/mlledevientunereine.com\/wp-content\/uploads\/2025\/02\/IMG_2324-1-1024x683.jpg 1024w, https:\/\/mlledevientunereine.com\/wp-content\/uploads\/2025\/02\/IMG_2324-1-300x200.jpg 300w, https:\/\/mlledevientunereine.com\/wp-content\/uploads\/2025\/02\/IMG_2324-1-768x512.jpg 768w, https:\/\/mlledevientunereine.com\/wp-content\/uploads\/2025\/02\/IMG_2324-1-1536x1024.jpg 1536w, https:\/\/mlledevientunereine.com\/wp-content\/uploads\/2025\/02\/IMG_2324-1-2048x1365.jpg 2048w\" sizes=\"auto, (max-width: 1024px) 100vw, 1024px\" \/><\/figure>\n<\/div>\n\n\n\n<div class=\"wp-block-column is-layout-flow wp-block-column-is-layout-flow\">\n<figure class=\"wp-block-image size-large\"><img loading=\"lazy\" decoding=\"async\" width=\"1024\" height=\"683\" src=\"https:\/\/mlledevientunereine.com\/wp-content\/uploads\/2025\/02\/IMG_2322-2-1024x683.jpg\" alt=\"Orph\u00e9e et Gr\u00e9gory\" class=\"wp-image-862\" srcset=\"https:\/\/mlledevientunereine.com\/wp-content\/uploads\/2025\/02\/IMG_2322-2-1024x683.jpg 1024w, https:\/\/mlledevientunereine.com\/wp-content\/uploads\/2025\/02\/IMG_2322-2-300x200.jpg 300w, https:\/\/mlledevientunereine.com\/wp-content\/uploads\/2025\/02\/IMG_2322-2-768x512.jpg 768w, https:\/\/mlledevientunereine.com\/wp-content\/uploads\/2025\/02\/IMG_2322-2-1536x1024.jpg 1536w, https:\/\/mlledevientunereine.com\/wp-content\/uploads\/2025\/02\/IMG_2322-2-2048x1365.jpg 2048w, https:\/\/mlledevientunereine.com\/wp-content\/uploads\/2025\/02\/IMG_2322-2-507x338.jpg 507w\" sizes=\"auto, (max-width: 1024px) 100vw, 1024px\" \/><\/figure>\n<\/div>\n<\/div>\n<\/div>\n<\/div>\n\n\n\n<figure class=\"wp-block-image size-large\"><img loading=\"lazy\" decoding=\"async\" width=\"1024\" height=\"683\" src=\"http:\/\/mlledevientunereine.com\/wp-content\/uploads\/2025\/02\/IMG_2321-1-1024x683.jpg\" alt=\"Orph\u00e9e et Gregory\" class=\"wp-image-863\" srcset=\"https:\/\/mlledevientunereine.com\/wp-content\/uploads\/2025\/02\/IMG_2321-1-1024x683.jpg 1024w, https:\/\/mlledevientunereine.com\/wp-content\/uploads\/2025\/02\/IMG_2321-1-300x200.jpg 300w, https:\/\/mlledevientunereine.com\/wp-content\/uploads\/2025\/02\/IMG_2321-1-768x512.jpg 768w, https:\/\/mlledevientunereine.com\/wp-content\/uploads\/2025\/02\/IMG_2321-1-1536x1024.jpg 1536w, https:\/\/mlledevientunereine.com\/wp-content\/uploads\/2025\/02\/IMG_2321-1-2048x1365.jpg 2048w\" sizes=\"auto, (max-width: 1024px) 100vw, 1024px\" \/><\/figure>\n\n\n\n<figure class=\"wp-block-image size-large\"><img loading=\"lazy\" decoding=\"async\" width=\"1024\" height=\"683\" src=\"http:\/\/mlledevientunereine.com\/wp-content\/uploads\/2025\/02\/IMG_2313-1024x683.jpg\" alt=\"c\u00e9r\u00e9monie la\u00efque\" class=\"wp-image-877\" srcset=\"https:\/\/mlledevientunereine.com\/wp-content\/uploads\/2025\/02\/IMG_2313-1024x683.jpg 1024w, https:\/\/mlledevientunereine.com\/wp-content\/uploads\/2025\/02\/IMG_2313-300x200.jpg 300w, https:\/\/mlledevientunereine.com\/wp-content\/uploads\/2025\/02\/IMG_2313-768x512.jpg 768w, https:\/\/mlledevientunereine.com\/wp-content\/uploads\/2025\/02\/IMG_2313-1536x1024.jpg 1536w\" sizes=\"auto, (max-width: 1024px) 100vw, 1024px\" \/><\/figure>\n\n\n\n<div class=\"wp-block-columns is-layout-flex wp-container-core-columns-is-layout-9d6595d7 wp-block-columns-is-layout-flex\">\n<div class=\"wp-block-column is-layout-flow wp-block-column-is-layout-flow\">\n<figure class=\"wp-block-image size-large\"><img loading=\"lazy\" decoding=\"async\" width=\"683\" height=\"1024\" src=\"http:\/\/mlledevientunereine.com\/wp-content\/uploads\/2025\/02\/IMG_2327-1-683x1024.jpg\" alt=\"musicien pendant le cocktail\" class=\"wp-image-886\" srcset=\"https:\/\/mlledevientunereine.com\/wp-content\/uploads\/2025\/02\/IMG_2327-1-683x1024.jpg 683w, https:\/\/mlledevientunereine.com\/wp-content\/uploads\/2025\/02\/IMG_2327-1-200x300.jpg 200w, https:\/\/mlledevientunereine.com\/wp-content\/uploads\/2025\/02\/IMG_2327-1-768x1152.jpg 768w, https:\/\/mlledevientunereine.com\/wp-content\/uploads\/2025\/02\/IMG_2327-1-1024x1536.jpg 1024w, https:\/\/mlledevientunereine.com\/wp-content\/uploads\/2025\/02\/IMG_2327-1-scaled.jpg 1707w\" sizes=\"auto, (max-width: 683px) 100vw, 683px\" \/><\/figure>\n<\/div>\n\n\n\n<div class=\"wp-block-column is-layout-flow wp-block-column-is-layout-flow\">\n<figure class=\"wp-block-image size-large\"><img loading=\"lazy\" decoding=\"async\" width=\"1024\" height=\"683\" src=\"https:\/\/mlledevientunereine.com\/wp-content\/uploads\/2025\/02\/IMG_2319-2-1024x683.jpg\" alt=\"seance photo\" class=\"wp-image-871\" srcset=\"https:\/\/mlledevientunereine.com\/wp-content\/uploads\/2025\/02\/IMG_2319-2-1024x683.jpg 1024w, https:\/\/mlledevientunereine.com\/wp-content\/uploads\/2025\/02\/IMG_2319-2-300x200.jpg 300w, https:\/\/mlledevientunereine.com\/wp-content\/uploads\/2025\/02\/IMG_2319-2-768x512.jpg 768w, https:\/\/mlledevientunereine.com\/wp-content\/uploads\/2025\/02\/IMG_2319-2-1536x1024.jpg 1536w, https:\/\/mlledevientunereine.com\/wp-content\/uploads\/2025\/02\/IMG_2319-2-2048x1365.jpg 2048w, https:\/\/mlledevientunereine.com\/wp-content\/uploads\/2025\/02\/IMG_2319-2-507x338.jpg 507w\" sizes=\"auto, (max-width: 1024px) 100vw, 1024px\" \/><\/figure>\n\n\n\n<figure class=\"wp-block-image size-large\"><img loading=\"lazy\" decoding=\"async\" width=\"1024\" height=\"683\" src=\"http:\/\/mlledevientunereine.com\/wp-content\/uploads\/2025\/02\/IMG_2316-4-1024x683.jpg\" alt=\"c\u00e9r\u00e9monie la\u00efque\" class=\"wp-image-884\" srcset=\"https:\/\/mlledevientunereine.com\/wp-content\/uploads\/2025\/02\/IMG_2316-4-1024x683.jpg 1024w, https:\/\/mlledevientunereine.com\/wp-content\/uploads\/2025\/02\/IMG_2316-4-300x200.jpg 300w, https:\/\/mlledevientunereine.com\/wp-content\/uploads\/2025\/02\/IMG_2316-4-768x512.jpg 768w, https:\/\/mlledevientunereine.com\/wp-content\/uploads\/2025\/02\/IMG_2316-4-1536x1024.jpg 1536w\" sizes=\"auto, (max-width: 1024px) 100vw, 1024px\" \/><\/figure>\n<\/div>\n\n\n\n<div class=\"wp-block-column is-layout-flow wp-block-column-is-layout-flow\">\n<figure class=\"wp-block-image size-large\"><img loading=\"lazy\" decoding=\"async\" width=\"1024\" height=\"683\" src=\"https:\/\/mlledevientunereine.com\/wp-content\/uploads\/2025\/02\/IMG_2317-1024x683.jpg\" alt=\"\u00e9change des alliances\" class=\"wp-image-874\" srcset=\"https:\/\/mlledevientunereine.com\/wp-content\/uploads\/2025\/02\/IMG_2317-1024x683.jpg 1024w, https:\/\/mlledevientunereine.com\/wp-content\/uploads\/2025\/02\/IMG_2317-300x200.jpg 300w, https:\/\/mlledevientunereine.com\/wp-content\/uploads\/2025\/02\/IMG_2317-768x512.jpg 768w, https:\/\/mlledevientunereine.com\/wp-content\/uploads\/2025\/02\/IMG_2317-1536x1024.jpg 1536w, https:\/\/mlledevientunereine.com\/wp-content\/uploads\/2025\/02\/IMG_2317-2048x1365.jpg 2048w, https:\/\/mlledevientunereine.com\/wp-content\/uploads\/2025\/02\/IMG_2317-507x338.jpg 507w\" sizes=\"auto, (max-width: 1024px) 100vw, 1024px\" \/><\/figure>\n\n\n\n<figure class=\"wp-block-image size-large\"><img loading=\"lazy\" decoding=\"async\" width=\"1024\" height=\"683\" src=\"http:\/\/mlledevientunereine.com\/wp-content\/uploads\/2025\/02\/IMG_2323-1024x683.jpg\" alt=\"photo de groupe\" class=\"wp-image-870\" srcset=\"https:\/\/mlledevientunereine.com\/wp-content\/uploads\/2025\/02\/IMG_2323-1024x683.jpg 1024w, https:\/\/mlledevientunereine.com\/wp-content\/uploads\/2025\/02\/IMG_2323-300x200.jpg 300w, https:\/\/mlledevientunereine.com\/wp-content\/uploads\/2025\/02\/IMG_2323-768x512.jpg 768w, https:\/\/mlledevientunereine.com\/wp-content\/uploads\/2025\/02\/IMG_2323-1536x1024.jpg 1536w, https:\/\/mlledevientunereine.com\/wp-content\/uploads\/2025\/02\/IMG_2323-2048x1365.jpg 2048w\" sizes=\"auto, (max-width: 1024px) 100vw, 1024px\" \/><\/figure>\n<\/div>\n<\/div>\n\n\n\n<figure class=\"wp-block-image size-large\"><img loading=\"lazy\" decoding=\"async\" width=\"1024\" height=\"683\" src=\"http:\/\/mlledevientunereine.com\/wp-content\/uploads\/2025\/02\/IMG_2318-2-1024x683.jpg\" alt=\"c\u00e9r\u00e9monie la\u00efque\" class=\"wp-image-876\" srcset=\"https:\/\/mlledevientunereine.com\/wp-content\/uploads\/2025\/02\/IMG_2318-2-1024x683.jpg 1024w, https:\/\/mlledevientunereine.com\/wp-content\/uploads\/2025\/02\/IMG_2318-2-300x200.jpg 300w, https:\/\/mlledevientunereine.com\/wp-content\/uploads\/2025\/02\/IMG_2318-2-768x512.jpg 768w, https:\/\/mlledevientunereine.com\/wp-content\/uploads\/2025\/02\/IMG_2318-2-1536x1024.jpg 1536w, https:\/\/mlledevientunereine.com\/wp-content\/uploads\/2025\/02\/IMG_2318-2-2048x1365.jpg 2048w\" sizes=\"auto, (max-width: 1024px) 100vw, 1024px\" \/><\/figure>\n","protected":false},"excerpt":{"rendered":"","protected":false},"author":1,"featured_media":0,"parent":0,"menu_order":0,"comment_status":"closed","ping_status":"closed","template":"","meta":{"footnotes":""},"class_list":["post-855","page","type-page","status-publish","hentry"],"jetpack_sharing_enabled":true,"_links":{"self":[{"href":"https:\/\/mlledevientunereine.com\/index.php\/wp-json\/wp\/v2\/pages\/855","targetHints":{"allow":["GET"]}}],"collection":[{"href":"https:\/\/mlledevientunereine.com\/index.php\/wp-json\/wp\/v2\/pages"}],"about":[{"href":"https:\/\/mlledevientunereine.com\/index.php\/wp-json\/wp\/v2\/types\/page"}],"author":[{"embeddable":true,"href":"https:\/\/mlledevientunereine.com\/index.php\/wp-json\/wp\/v2\/users\/1"}],"replies":[{"embeddable":true,"href":"https:\/\/mlledevientunereine.com\/index.php\/wp-json\/wp\/v2\/comments?post=855"}],"version-history":[{"count":1,"href":"https:\/\/mlledevientunereine.com\/index.php\/wp-json\/wp\/v2\/pages\/855\/revisions"}],"predecessor-version":[{"id":887,"href":"https:\/\/mlledevientunereine.com\/index.php\/wp-json\/wp\/v2\/pages\/855\/revisions\/887"}],"wp:attachment":[{"href":"https:\/\/mlledevientunereine.com\/index.php\/wp-json\/wp\/v2\/media?parent=855"}],"curies":[{"name":"wp","href":"https:\/\/api.w.org\/{rel}","templated":true}]}}