{"id":889,"date":"2025-02-02T21:09:07","date_gmt":"2025-02-02T20:09:07","guid":{"rendered":"https:\/\/mlledevientunereine.com\/?page_id=889"},"modified":"2025-02-02T21:09:07","modified_gmt":"2025-02-02T20:09:07","slug":"perrine-et-yoan-sous-le-soleil-de-la-provence","status":"publish","type":"page","link":"https:\/\/mlledevientunereine.com\/index.php\/perrine-et-yoan-sous-le-soleil-de-la-provence\/","title":{"rendered":"Perrine et Yoan sous le soleil de la Provence"},"content":{"rendered":"\n<figure class=\"wp-block-gallery has-nested-images columns-default is-cropped wp-block-gallery-1 is-layout-flex wp-block-gallery-is-layout-flex\">\n<figure class=\"wp-block-image size-large\"><img loading=\"lazy\" decoding=\"async\" width=\"748\" height=\"514\" data-id=\"892\" src=\"https:\/\/mlledevientunereine.com\/wp-content\/uploads\/2025\/02\/Capture-decran-2024-08-25-a-22.58.16.png\" alt=\"c\u00e9r\u00e9monie la\u00efque\" class=\"wp-image-892\" srcset=\"https:\/\/mlledevientunereine.com\/wp-content\/uploads\/2025\/02\/Capture-decran-2024-08-25-a-22.58.16.png 748w, https:\/\/mlledevientunereine.com\/wp-content\/uploads\/2025\/02\/Capture-decran-2024-08-25-a-22.58.16-300x206.png 300w\" sizes=\"auto, (max-width: 748px) 100vw, 748px\" \/><\/figure>\n\n\n\n<figure class=\"wp-block-image size-large\"><img loading=\"lazy\" decoding=\"async\" width=\"703\" height=\"782\" data-id=\"899\" src=\"https:\/\/mlledevientunereine.com\/wp-content\/uploads\/2025\/02\/Capture-decran-2024-08-25-a-22.58.08.png\" alt=\"sortie de la mairie\" class=\"wp-image-899\" srcset=\"https:\/\/mlledevientunereine.com\/wp-content\/uploads\/2025\/02\/Capture-decran-2024-08-25-a-22.58.08.png 703w, https:\/\/mlledevientunereine.com\/wp-content\/uploads\/2025\/02\/Capture-decran-2024-08-25-a-22.58.08-270x300.png 270w\" sizes=\"auto, (max-width: 703px) 100vw, 703px\" \/><\/figure>\n\n\n\n<figure class=\"wp-block-image size-large\"><img loading=\"lazy\" decoding=\"async\" width=\"778\" height=\"514\" data-id=\"897\" src=\"https:\/\/mlledevientunereine.com\/wp-content\/uploads\/2025\/02\/Capture-decran-2024-08-25-a-22.57.53.png\" alt=\"\u00e9change des alliances\" class=\"wp-image-897\" srcset=\"https:\/\/mlledevientunereine.com\/wp-content\/uploads\/2025\/02\/Capture-decran-2024-08-25-a-22.57.53.png 778w, https:\/\/mlledevientunereine.com\/wp-content\/uploads\/2025\/02\/Capture-decran-2024-08-25-a-22.57.53-300x198.png 300w, https:\/\/mlledevientunereine.com\/wp-content\/uploads\/2025\/02\/Capture-decran-2024-08-25-a-22.57.53-768x507.png 768w\" sizes=\"auto, (max-width: 778px) 100vw, 778px\" \/><\/figure>\n\n\n\n<figure class=\"wp-block-image size-large\"><img loading=\"lazy\" decoding=\"async\" width=\"781\" height=\"515\" data-id=\"898\" src=\"https:\/\/mlledevientunereine.com\/wp-content\/uploads\/2025\/02\/Capture-decran-2024-08-25-a-22.57.46.png\" alt=\"c\u00e9r\u00e9monie la\u00efque\" class=\"wp-image-898\" srcset=\"https:\/\/mlledevientunereine.com\/wp-content\/uploads\/2025\/02\/Capture-decran-2024-08-25-a-22.57.46.png 781w, https:\/\/mlledevientunereine.com\/wp-content\/uploads\/2025\/02\/Capture-decran-2024-08-25-a-22.57.46-300x198.png 300w, https:\/\/mlledevientunereine.com\/wp-content\/uploads\/2025\/02\/Capture-decran-2024-08-25-a-22.57.46-768x506.png 768w\" sizes=\"auto, (max-width: 781px) 100vw, 781px\" \/><\/figure>\n\n\n\n<figure class=\"wp-block-image size-large\"><img loading=\"lazy\" decoding=\"async\" width=\"827\" height=\"1024\" data-id=\"900\" src=\"https:\/\/mlledevientunereine.com\/wp-content\/uploads\/2025\/02\/IMG_1505-827x1024.jpg\" alt=\"photo couple\" class=\"wp-image-900\" srcset=\"https:\/\/mlledevientunereine.com\/wp-content\/uploads\/2025\/02\/IMG_1505-827x1024.jpg 827w, https:\/\/mlledevientunereine.com\/wp-content\/uploads\/2025\/02\/IMG_1505-242x300.jpg 242w, https:\/\/mlledevientunereine.com\/wp-content\/uploads\/2025\/02\/IMG_1505-768x950.jpg 768w, https:\/\/mlledevientunereine.com\/wp-content\/uploads\/2025\/02\/IMG_1505.jpg 1170w\" sizes=\"auto, (max-width: 827px) 100vw, 827px\" \/><\/figure>\n\n\n\n<figure class=\"wp-block-image size-large\"><img loading=\"lazy\" decoding=\"async\" width=\"815\" height=\"540\" data-id=\"893\" src=\"https:\/\/mlledevientunereine.com\/wp-content\/uploads\/2025\/02\/IMG_4245-2.jpg\" alt=\"cocktail\" class=\"wp-image-893\" srcset=\"https:\/\/mlledevientunereine.com\/wp-content\/uploads\/2025\/02\/IMG_4245-2.jpg 815w, https:\/\/mlledevientunereine.com\/wp-content\/uploads\/2025\/02\/IMG_4245-2-300x199.jpg 300w, https:\/\/mlledevientunereine.com\/wp-content\/uploads\/2025\/02\/IMG_4245-2-768x509.jpg 768w\" sizes=\"auto, (max-width: 815px) 100vw, 815px\" \/><\/figure>\n\n\n\n<figure class=\"wp-block-image size-large\"><img loading=\"lazy\" decoding=\"async\" width=\"828\" height=\"537\" data-id=\"890\" src=\"https:\/\/mlledevientunereine.com\/wp-content\/uploads\/2025\/02\/IMG_4244-2.jpg\" alt=\"c\u00e9r\u00e9monie la\u00efque\" class=\"wp-image-890\" srcset=\"https:\/\/mlledevientunereine.com\/wp-content\/uploads\/2025\/02\/IMG_4244-2.jpg 828w, https:\/\/mlledevientunereine.com\/wp-content\/uploads\/2025\/02\/IMG_4244-2-300x195.jpg 300w, https:\/\/mlledevientunereine.com\/wp-content\/uploads\/2025\/02\/IMG_4244-2-768x498.jpg 768w\" sizes=\"auto, (max-width: 828px) 100vw, 828px\" \/><\/figure>\n\n\n\n<figure class=\"wp-block-image size-large\"><img loading=\"lazy\" decoding=\"async\" width=\"828\" height=\"545\" data-id=\"894\" src=\"https:\/\/mlledevientunereine.com\/wp-content\/uploads\/2025\/02\/IMG_4246-2.jpg\" alt=\"photo couple\" class=\"wp-image-894\" srcset=\"https:\/\/mlledevientunereine.com\/wp-content\/uploads\/2025\/02\/IMG_4246-2.jpg 828w, https:\/\/mlledevientunereine.com\/wp-content\/uploads\/2025\/02\/IMG_4246-2-300x197.jpg 300w, https:\/\/mlledevientunereine.com\/wp-content\/uploads\/2025\/02\/IMG_4246-2-768x506.jpg 768w\" sizes=\"auto, (max-width: 828px) 100vw, 828px\" \/><\/figure>\n\n\n\n<figure class=\"wp-block-image size-large\"><img loading=\"lazy\" decoding=\"async\" width=\"828\" height=\"543\" data-id=\"896\" src=\"https:\/\/mlledevientunereine.com\/wp-content\/uploads\/2025\/02\/IMG_4243-2.jpg\" alt=\"rituel c\u00e9r\u00e9monie la\u00efque\" class=\"wp-image-896\" srcset=\"https:\/\/mlledevientunereine.com\/wp-content\/uploads\/2025\/02\/IMG_4243-2.jpg 828w, https:\/\/mlledevientunereine.com\/wp-content\/uploads\/2025\/02\/IMG_4243-2-300x197.jpg 300w, https:\/\/mlledevientunereine.com\/wp-content\/uploads\/2025\/02\/IMG_4243-2-768x504.jpg 768w\" sizes=\"auto, (max-width: 828px) 100vw, 828px\" \/><\/figure>\n\n\n\n<figure class=\"wp-block-image size-large\"><img loading=\"lazy\" decoding=\"async\" width=\"828\" height=\"555\" data-id=\"891\" src=\"https:\/\/mlledevientunereine.com\/wp-content\/uploads\/2025\/02\/IMG_4242-2.jpg\" alt=\"c\u00e9r\u00e9monie la\u00efque\" class=\"wp-image-891\" srcset=\"https:\/\/mlledevientunereine.com\/wp-content\/uploads\/2025\/02\/IMG_4242-2.jpg 828w, https:\/\/mlledevientunereine.com\/wp-content\/uploads\/2025\/02\/IMG_4242-2-300x201.jpg 300w, https:\/\/mlledevientunereine.com\/wp-content\/uploads\/2025\/02\/IMG_4242-2-768x515.jpg 768w\" sizes=\"auto, (max-width: 828px) 100vw, 828px\" \/><\/figure>\n\n\n\n<figure class=\"wp-block-image size-large\"><img loading=\"lazy\" decoding=\"async\" width=\"810\" height=\"540\" data-id=\"895\" src=\"https:\/\/mlledevientunereine.com\/wp-content\/uploads\/2025\/02\/IMG_4238-2.jpg\" alt=\"c\u00e9r\u00e9monie la\u00efque\" class=\"wp-image-895\" srcset=\"https:\/\/mlledevientunereine.com\/wp-content\/uploads\/2025\/02\/IMG_4238-2.jpg 810w, https:\/\/mlledevientunereine.com\/wp-content\/uploads\/2025\/02\/IMG_4238-2-300x200.jpg 300w, https:\/\/mlledevientunereine.com\/wp-content\/uploads\/2025\/02\/IMG_4238-2-768x512.jpg 768w, https:\/\/mlledevientunereine.com\/wp-content\/uploads\/2025\/02\/IMG_4238-2-507x338.jpg 507w\" sizes=\"auto, (max-width: 810px) 100vw, 810px\" \/><\/figure>\n<\/figure>\n","protected":false},"excerpt":{"rendered":"","protected":false},"author":1,"featured_media":0,"parent":0,"menu_order":0,"comment_status":"closed","ping_status":"closed","template":"","meta":{"footnotes":""},"class_list":["post-889","page","type-page","status-publish","hentry"],"jetpack_sharing_enabled":true,"_links":{"self":[{"href":"https:\/\/mlledevientunereine.com\/index.php\/wp-json\/wp\/v2\/pages\/889","targetHints":{"allow":["GET"]}}],"collection":[{"href":"https:\/\/mlledevientunereine.com\/index.php\/wp-json\/wp\/v2\/pages"}],"about":[{"href":"https:\/\/mlledevientunereine.com\/index.php\/wp-json\/wp\/v2\/types\/page"}],"author":[{"embeddable":true,"href":"https:\/\/mlledevientunereine.com\/index.php\/wp-json\/wp\/v2\/users\/1"}],"replies":[{"embeddable":true,"href":"https:\/\/mlledevientunereine.com\/index.php\/wp-json\/wp\/v2\/comments?post=889"}],"version-history":[{"count":1,"href":"https:\/\/mlledevientunereine.com\/index.php\/wp-json\/wp\/v2\/pages\/889\/revisions"}],"predecessor-version":[{"id":901,"href":"https:\/\/mlledevientunereine.com\/index.php\/wp-json\/wp\/v2\/pages\/889\/revisions\/901"}],"wp:attachment":[{"href":"https:\/\/mlledevientunereine.com\/index.php\/wp-json\/wp\/v2\/media?parent=889"}],"curies":[{"name":"wp","href":"https:\/\/api.w.org\/{rel}","templated":true}]}}